{"id":990657,"date":"2025-07-01T15:57:40","date_gmt":"2025-07-01T15:57:40","guid":{"rendered":"https:\/\/nss.com.pt\/?page_id=990657"},"modified":"2025-07-02T08:23:29","modified_gmt":"2025-07-02T08:23:29","slug":"politica-de-cookies","status":"publish","type":"page","link":"https:\/\/nss.com.pt\/en\/politica-de-cookies\/","title":{"rendered":"Pol\u00edtica de cookies"},"content":{"rendered":"<div data-elementor-type=\"wp-page\" data-elementor-id=\"990657\" class=\"elementor elementor-990657\">\n\t\t\t\t\t\t<section class=\"elementor-section elementor-top-section elementor-element elementor-element-75d6df70 elementor-section-boxed elementor-section-height-default elementor-section-height-default wpr-particle-no wpr-jarallax-no wpr-parallax-no wpr-sticky-section-no\" data-id=\"75d6df70\" data-element_type=\"section\">\n\t\t\t\t\t\t<div class=\"elementor-container elementor-column-gap-default\">\n\t\t\t\t\t<div class=\"elementor-column elementor-col-100 elementor-top-column elementor-element elementor-element-d9b2dd9\" data-id=\"d9b2dd9\" data-element_type=\"column\">\n\t\t\t<div class=\"elementor-widget-wrap\">\n\t\t\t\t\t\t\t<\/div>\n\t\t<\/div>\n\t\t\t\t\t<\/div>\n\t\t<\/section>\n\t\t\t\t<section class=\"elementor-section elementor-top-section elementor-element elementor-element-ded4341 elementor-section-stretched elementor-section-boxed elementor-section-height-default elementor-section-height-default wpr-particle-no wpr-jarallax-no wpr-parallax-no wpr-sticky-section-no\" data-id=\"ded4341\" data-element_type=\"section\" data-settings=\"{&quot;stretch_section&quot;:&quot;section-stretched&quot;,&quot;background_background&quot;:&quot;gradient&quot;,&quot;shape_divider_bottom&quot;:&quot;opacity-tilt&quot;}\">\n\t\t\t\t\t\t\t<div class=\"elementor-background-overlay\"><\/div>\n\t\t\t\t\t\t<div class=\"elementor-shape elementor-shape-bottom\" aria-hidden=\"true\" data-negative=\"false\">\n\t\t\t<svg xmlns=\"http:\/\/www.w3.org\/2000\/svg\" viewbox=\"0 0 2600 131.1\" preserveaspectratio=\"none\">\n\t<path class=\"elementor-shape-fill\" d=\"M0 0L2600 0 2600 69.1 0 0z\"\/>\n\t<path class=\"elementor-shape-fill\" style=\"opacity:0.5\" d=\"M0 0L2600 0 2600 69.1 0 69.1z\"\/>\n\t<path class=\"elementor-shape-fill\" style=\"opacity:0.25\" d=\"M2600 0L0 0 0 130.1 2600 69.1z\"\/>\n<\/svg>\t\t<\/div>\n\t\t\t\t\t<div class=\"elementor-container elementor-column-gap-default\">\n\t\t\t\t\t<div class=\"elementor-column elementor-col-100 elementor-top-column elementor-element elementor-element-31032ca\" data-id=\"31032ca\" data-element_type=\"column\">\n\t\t\t<div class=\"elementor-widget-wrap elementor-element-populated\">\n\t\t\t\t\t\t<div class=\"elementor-element elementor-element-df6d726 elementor-widget elementor-widget-heading\" data-id=\"df6d726\" data-element_type=\"widget\" data-widget_type=\"heading.default\">\n\t\t\t\t<div class=\"elementor-widget-container\">\n\t\t\t\t\t<h2 class=\"elementor-heading-title elementor-size-default\">Cookie Policy<\/h2>\t\t\t\t<\/div>\n\t\t\t\t<\/div>\n\t\t\t\t\t<\/div>\n\t\t<\/div>\n\t\t\t\t\t<\/div>\n\t\t<\/section>\n\t\t\t\t<section class=\"elementor-section elementor-top-section elementor-element elementor-element-6ae200d elementor-section-boxed elementor-section-height-default elementor-section-height-default wpr-particle-no wpr-jarallax-no wpr-parallax-no wpr-sticky-section-no\" data-id=\"6ae200d\" data-element_type=\"section\" data-settings=\"{&quot;background_background&quot;:&quot;classic&quot;}\">\n\t\t\t\t\t\t<div class=\"elementor-container elementor-column-gap-default\">\n\t\t\t\t\t<div class=\"elementor-column elementor-col-100 elementor-top-column elementor-element elementor-element-f535868\" data-id=\"f535868\" data-element_type=\"column\">\n\t\t\t<div class=\"elementor-widget-wrap elementor-element-populated\">\n\t\t\t\t\t\t<div class=\"elementor-element elementor-element-75c077d elementor-widget__width-initial elementor-widget elementor-widget-text-editor\" data-id=\"75c077d\" data-element_type=\"widget\" data-widget_type=\"text-editor.default\">\n\t\t\t\t<div class=\"elementor-widget-container\">\n\t\t\t\t\t\t\t\t\t<p><span style=\"color: #495057;\"><strong>Cookie Policy<\/strong><\/span><br \/>Data de Entrada em Vigor: 01\/07\/2025<br \/>\u00daltima Atualiza\u00e7\u00e3o: 01\/07\/2025<\/p><p><span style=\"color: #495057;\"><strong>O que s\u00e3o cookies?<\/strong><\/span><br \/>Esta Pol\u00edtica de Cookies explica o que s\u00e3o os cookies e a forma como os utilizamos, os tipos de cookies que utilizamos, ou seja, a informa\u00e7\u00e3o que recolhemos atrav\u00e9s de cookies e a forma como essa informa\u00e7\u00e3o \u00e9 utilizada, e como gerir as defini\u00e7\u00f5es de cookies.<\/p><p>Os cookies s\u00e3o pequenos ficheiros de texto utilizados para armazenar pequenas informa\u00e7\u00f5es. S\u00e3o armazenados no seu dispositivo quando o site \u00e9 carregado no seu browser. Estes cookies ajudam-nos a fazer com que o site funcione corretamente, a torn\u00e1-lo mais seguro, a proporcionar uma melhor experi\u00eancia ao utilizador e a compreender o desempenho do site, bem como a analisar o que funciona e onde precisa de ser melhorado.<\/p><p><span style=\"color: #495057;\"><strong>Como usamos os cookies?<\/strong><\/span><br \/>Tal como a maioria dos servi\u00e7os online, o nosso site utiliza cookies pr\u00f3prios e de terceiros para diversos fins. Os cookies pr\u00f3prios s\u00e3o principalmente necess\u00e1rios para o correto funcionamento do website e n\u00e3o recolhem quaisquer dados pessoais identific\u00e1veis.<\/p><p>Os cookies de terceiros utilizados no nosso website servem principalmente para compreender o desempenho do website, como interage com ele, manter os nossos servi\u00e7os seguros, fornecer an\u00fancios relevantes para si e, em suma, proporcionar uma melhor e melhorada experi\u00eancia de utilizador, al\u00e9m de ajudar a agilizar as suas futuras intera\u00e7\u00f5es com o nosso website.<\/p><p><span style=\"color: #495057;\"><strong>Tipos de Cookies que Utilizamos<\/strong><\/span><\/p>\t\t\t\t\t\t\t\t<\/div>\n\t\t\t\t<\/div>\n\t\t\t\t\t<\/div>\n\t\t<\/div>\n\t\t\t\t\t<\/div>\n\t\t<\/section>\n\t\t\t\t<section class=\"elementor-section elementor-top-section elementor-element elementor-element-b12c394 elementor-section-boxed elementor-section-height-default elementor-section-height-default wpr-particle-no wpr-jarallax-no wpr-parallax-no wpr-sticky-section-no\" data-id=\"b12c394\" data-element_type=\"section\" data-settings=\"{&quot;background_background&quot;:&quot;classic&quot;}\">\n\t\t\t\t\t\t<div class=\"elementor-container elementor-column-gap-default\">\n\t\t\t\t\t<div class=\"elementor-column elementor-col-100 elementor-top-column elementor-element elementor-element-7a00f3c\" data-id=\"7a00f3c\" data-element_type=\"column\" data-settings=\"{&quot;background_background&quot;:&quot;classic&quot;}\">\n\t\t\t<div class=\"elementor-widget-wrap elementor-element-populated\">\n\t\t\t\t\t\t<div class=\"elementor-element elementor-element-9621843 elementor-widget elementor-widget-html\" data-id=\"9621843\" data-element_type=\"widget\" data-widget_type=\"html.default\">\n\t\t\t\t<div class=\"elementor-widget-container\">\n\t\t\t\t\t<div class=\"cky-audit-table-element\"><\/div>\r\n\r\n&nbsp;\r\n<h5 style=\"margin-bottom:20px; color: #000000; font-weight: bold;\">Gerir prefer\u00eancias de cookies<\/h5>\r\n\r\n<a class=\"cky-banner-element\" style=\"display: inline-block; padding: 8px 16px; background-color: transparent; color: #000000; border: 1px solid #000000; text-decoration: none; cursor: pointer; font-weight: bold; border-radius: 4px;\">\r\n  Cookie Settings\r\n<\/a>\r\n\r\n\r\n<div style=\"margin-top: 20px;\"><\/div>\r\n\r\n<p style=\"color: #000000; font-family: Raleway, sans-serif; font-size: 17px;\">\r\n  <span style=\"font-weight: bold; color: #000000;\">Chrome:<\/span>\r\n  <a target=\"_blank\" rel=\"noopener noreferrer\" href=\"https:\/\/support.google.com\/accounts\/answer\/32050\" style=\"color: #000000; text-decoration: none;\">\r\n    https:\/\/support.google.com\/accounts\/answer\/32050\r\n  <\/a>\r\n<\/p>\r\n\r\n<p style=\"color: #000000; font-family: Raleway, sans-serif; font-size: 17px;\">\r\n  <span style=\"font-weight: bold; color: #000000;\">Safari:<\/span>\r\n  <a target=\"_blank\" rel=\"noopener noreferrer\" href=\"https:\/\/support.apple.com\/en-in\/guide\/safari\/sfri11471\/mac\" style=\"color: #000000; text-decoration: none;\">\r\n    https:\/\/support.apple.com\/en-in\/guide\/safari\/sfri11471\/mac\r\n  <\/a>\r\n<\/p>\r\n\r\n<p style=\"color: #000000; font-family: Raleway, sans-serif; font-size: 17px;\">\r\n  <span style=\"font-weight: bold; color: #000000;\">Firefox:<\/span>\r\n  <a target=\"_blank\" rel=\"noopener noreferrer\" href=\"https:\/\/support.mozilla.org\/en-US\/kb\/clear-cookies-and-site-data-firefox?redirectslug=delete-cookies-remove-info-websites-stored&redirectlocale=en-US\" style=\"color: #000000; text-decoration: none;\">\r\n    https:\/\/support.mozilla.org\/en-US\/kb\/clear-cookies-and-site-data-firefox?redirectslug=delete-cookies-remove-info-websites-stored&redirectlocale=en-US\r\n  <\/a>\r\n<\/p>\r\n\r\n<p style=\"color: #000000; font-family: Raleway, sans-serif; font-size: 17px;\">\r\n  <span style=\"font-weight: bold; color: #000000;\">Internet Explorer:<\/span>\r\n  <a target=\"_blank\" rel=\"noopener noreferrer\" href=\"https:\/\/support.microsoft.com\/en-us\/topic\/how-to-delete-cookie-files-in-internet-explorer-bca9446f-d873-78de-77ba-d42645fa52fc\" style=\"color: #000000; text-decoration: none;\">\r\n    https:\/\/support.microsoft.com\/en-us\/topic\/how-to-delete-cookie-files-in-internet-explorer-bca9446f-d873-78de-77ba-d42645fa52fc\r\n  <\/a>\r\n<\/p>\r\n\r\n \r\n  <p style=\"color: #000000;\">Se estiver a utilizar outro navegador, visite os documentos oficiais de suporte do seu navegador.<\/p>\r\n<\/div>\t\t\t\t<\/div>\n\t\t\t\t<\/div>\n\t\t\t\t<div class=\"elementor-element elementor-element-bbfb5ac elementor-widget elementor-widget-spacer\" data-id=\"bbfb5ac\" data-element_type=\"widget\" data-widget_type=\"spacer.default\">\n\t\t\t\t<div class=\"elementor-widget-container\">\n\t\t\t\t\t\t\t<div class=\"elementor-spacer\">\n\t\t\t<div class=\"elementor-spacer-inner\"><\/div>\n\t\t<\/div>\n\t\t\t\t\t\t<\/div>\n\t\t\t\t<\/div>\n\t\t\t\t\t<\/div>\n\t\t<\/div>\n\t\t\t\t\t<\/div>\n\t\t<\/section>\n\t\t\t\t<\/div>","protected":false},"excerpt":{"rendered":"<p>Pol\u00edtica de Cookies Pol\u00edtica de CookiesData de Entrada em Vigor: 01\/07\/2025\u00daltima Atualiza\u00e7\u00e3o: 01\/07\/2025 O que s\u00e3o cookies?Esta Pol\u00edtica de Cookies explica o que s\u00e3o os cookies e a forma como os utilizamos, os tipos de cookies que utilizamos, ou seja,&#8230;<\/p>","protected":false},"author":5,"featured_media":0,"parent":0,"menu_order":0,"comment_status":"closed","ping_status":"closed","template":"","meta":{"footnotes":""},"class_list":["post-990657","page","type-page","status-publish","hentry"],"_links":{"self":[{"href":"https:\/\/nss.com.pt\/en\/wp-json\/wp\/v2\/pages\/990657","targetHints":{"allow":["GET"]}}],"collection":[{"href":"https:\/\/nss.com.pt\/en\/wp-json\/wp\/v2\/pages"}],"about":[{"href":"https:\/\/nss.com.pt\/en\/wp-json\/wp\/v2\/types\/page"}],"author":[{"embeddable":true,"href":"https:\/\/nss.com.pt\/en\/wp-json\/wp\/v2\/users\/5"}],"replies":[{"embeddable":true,"href":"https:\/\/nss.com.pt\/en\/wp-json\/wp\/v2\/comments?post=990657"}],"version-history":[{"count":64,"href":"https:\/\/nss.com.pt\/en\/wp-json\/wp\/v2\/pages\/990657\/revisions"}],"predecessor-version":[{"id":991244,"href":"https:\/\/nss.com.pt\/en\/wp-json\/wp\/v2\/pages\/990657\/revisions\/991244"}],"wp:attachment":[{"href":"https:\/\/nss.com.pt\/en\/wp-json\/wp\/v2\/media?parent=990657"}],"curies":[{"name":"wp","href":"https:\/\/api.w.org\/{rel}","templated":true}]}}