{"id":990655,"date":"2025-07-01T15:57:58","date_gmt":"2025-07-01T15:57:58","guid":{"rendered":"https:\/\/nss.com.pt\/?page_id=990655"},"modified":"2025-07-02T10:14:14","modified_gmt":"2025-07-02T10:14:14","slug":"termos-e-condicoes","status":"publish","type":"page","link":"https:\/\/nss.com.pt\/en\/termos-e-condicoes\/","title":{"rendered":"Terms and conditions"},"content":{"rendered":"<div data-elementor-type=\"wp-page\" data-elementor-id=\"990655\" class=\"elementor elementor-990655\">\n\t\t\t\t\t\t<section class=\"elementor-section elementor-top-section elementor-element elementor-element-ed0b8fc elementor-section-stretched elementor-section-boxed elementor-section-height-default elementor-section-height-default wpr-particle-no wpr-jarallax-no wpr-parallax-no wpr-sticky-section-no\" data-id=\"ed0b8fc\" data-element_type=\"section\" data-settings=\"{&quot;stretch_section&quot;:&quot;section-stretched&quot;,&quot;background_background&quot;:&quot;gradient&quot;,&quot;shape_divider_bottom&quot;:&quot;opacity-tilt&quot;}\">\n\t\t\t\t\t\t\t<div class=\"elementor-background-overlay\"><\/div>\n\t\t\t\t\t\t<div class=\"elementor-shape elementor-shape-bottom\" aria-hidden=\"true\" data-negative=\"false\">\n\t\t\t<svg xmlns=\"http:\/\/www.w3.org\/2000\/svg\" viewbox=\"0 0 2600 131.1\" preserveaspectratio=\"none\">\n\t<path class=\"elementor-shape-fill\" d=\"M0 0L2600 0 2600 69.1 0 0z\"\/>\n\t<path class=\"elementor-shape-fill\" style=\"opacity:0.5\" d=\"M0 0L2600 0 2600 69.1 0 69.1z\"\/>\n\t<path class=\"elementor-shape-fill\" style=\"opacity:0.25\" d=\"M2600 0L0 0 0 130.1 2600 69.1z\"\/>\n<\/svg>\t\t<\/div>\n\t\t\t\t\t<div class=\"elementor-container elementor-column-gap-default\">\n\t\t\t\t\t<div class=\"elementor-column elementor-col-100 elementor-top-column elementor-element elementor-element-fafed49\" data-id=\"fafed49\" data-element_type=\"column\">\n\t\t\t<div class=\"elementor-widget-wrap elementor-element-populated\">\n\t\t\t\t\t\t<div class=\"elementor-element elementor-element-75d392c elementor-widget elementor-widget-heading\" data-id=\"75d392c\" data-element_type=\"widget\" data-widget_type=\"heading.default\">\n\t\t\t\t<div class=\"elementor-widget-container\">\n\t\t\t\t\t<h2 class=\"elementor-heading-title elementor-size-default\">Terms and conditions<\/h2>\t\t\t\t<\/div>\n\t\t\t\t<\/div>\n\t\t\t\t\t<\/div>\n\t\t<\/div>\n\t\t\t\t\t<\/div>\n\t\t<\/section>\n\t\t\t\t<section class=\"elementor-section elementor-top-section elementor-element elementor-element-7cabaa4 elementor-section-boxed elementor-section-height-default elementor-section-height-default wpr-particle-no wpr-jarallax-no wpr-parallax-no wpr-sticky-section-no\" data-id=\"7cabaa4\" data-element_type=\"section\" data-settings=\"{&quot;background_background&quot;:&quot;classic&quot;}\">\n\t\t\t\t\t\t<div class=\"elementor-container elementor-column-gap-default\">\n\t\t\t\t\t<div class=\"elementor-column elementor-col-100 elementor-top-column elementor-element elementor-element-2ec992f\" data-id=\"2ec992f\" data-element_type=\"column\">\n\t\t\t<div class=\"elementor-widget-wrap elementor-element-populated\">\n\t\t\t\t\t\t<div class=\"elementor-element elementor-element-60a4446 elementor-widget__width-initial elementor-widget elementor-widget-text-editor\" data-id=\"60a4446\" data-element_type=\"widget\" data-widget_type=\"text-editor.default\">\n\t\t\t\t<div class=\"elementor-widget-container\">\n\t\t\t\t\t\t\t\t\t<p><strong>\u00daltima atualiza\u00e7\u00e3o:<\/strong> 01 de julho de 2025<\/p><p data-start=\"391\" data-end=\"590\">Bem-vindo ao website <strong data-start=\"412\" data-end=\"434\"><a class=\"\" href=\"https:\/\/nss.com.pt\/en\/\" target=\"_new\" rel=\"noopener\" data-start=\"414\" data-end=\"432\">https:\/\/nss.com.pt<\/a><\/strong>, propriedade de <strong data-start=\"451\" data-end=\"525\">NSS &#8211; New Sign Solutions, Desenvolvimento de Sistemas Electr\u00f3nicos Lda<\/strong>, com sede na Rua Marco 48, Zona Industrial dos Ter\u00e7os, Portugal.<\/p><p data-start=\"592\" data-end=\"762\">Ao aceder e utilizar este website, concorda com os presentes Termos e Condi\u00e7\u00f5es de Utiliza\u00e7\u00e3o. Caso n\u00e3o concorde com estes termos, por favor, n\u00e3o utilize o nosso website.<\/p><p><strong>1. Utiliza\u00e7\u00e3o do Website<\/strong><\/p><p>O conte\u00fado deste website \u00e9 fornecido apenas para fins informativos sobre os servi\u00e7os e solu\u00e7\u00f5es da NSS &#8211; New Sign Solutions. O utilizador compromete-se a utilizar o website de forma l\u00edcita e adequada, abstendo-se de o utilizar para fins ilegais ou prejudiciais.<\/p><p><strong>2. Propriedade Intelectual<\/strong><\/p><p data-start=\"1109\" data-end=\"1397\">Todo o conte\u00fado deste website, incluindo, mas n\u00e3o se limitando a textos, imagens, log\u00f3tipos, gr\u00e1ficos, v\u00eddeos e documentos, \u00e9 propriedade da NSS &#8211; New Sign Solutions ou de terceiros devidamente autorizados, estando protegido por direitos de autor e outras leis de propriedade intelectual.<\/p><p data-start=\"1399\" data-end=\"1541\">\u00c9 expressamente proibida a c\u00f3pia, reprodu\u00e7\u00e3o, modifica\u00e7\u00e3o, distribui\u00e7\u00e3o ou utiliza\u00e7\u00e3o do conte\u00fado sem autoriza\u00e7\u00e3o pr\u00e9via e por escrito da NSS.<\/p><p data-start=\"1399\" data-end=\"1541\"><strong>3. Conte\u00fado e Responsabilidade<\/strong><\/p><p data-start=\"1589\" data-end=\"1863\">A NSS esfor\u00e7a-se por garantir que as informa\u00e7\u00f5es apresentadas no website s\u00e3o corretas e atualizadas. No entanto, n\u00e3o garante a exatid\u00e3o, integralidade ou atualidade das mesmas. A NSS reserva-se o direito de alterar o conte\u00fado do website a qualquer momento, sem aviso pr\u00e9vio.<\/p><p data-start=\"1865\" data-end=\"2004\">A NSS n\u00e3o se responsabiliza por quaisquer danos diretos ou indiretos resultantes da utiliza\u00e7\u00e3o ou impossibilidade de utiliza\u00e7\u00e3o do website.<\/p><p data-start=\"1865\" data-end=\"2004\"><strong>4. Links para Terceiros<\/strong><\/p><p data-start=\"1865\" data-end=\"2004\">O website poder\u00e1 conter links para websites de terceiros. Estes links s\u00e3o fornecidos apenas para conveni\u00eancia do utilizador. A NSS n\u00e3o se responsabiliza pelo conte\u00fado, pol\u00edticas ou pr\u00e1ticas desses websites.<\/p><p data-start=\"1865\" data-end=\"2004\"><strong>5. Prote\u00e7\u00e3o de Dados e Cookies<\/strong><\/p><p data-start=\"1865\" data-end=\"2004\">A utiliza\u00e7\u00e3o deste website implica o tratamento de dados pessoais, conforme descrito na nossa <a class=\"cursor-pointer\" rel=\"noopener\" data-start=\"2393\" data-end=\"2444\">Pol\u00edtica de Privacidade<\/a> e <a class=\"cursor-pointer\" rel=\"noopener\" data-start=\"2447\" data-end=\"2490\">Cookie Policy<\/a>.<\/p><p data-start=\"1865\" data-end=\"2004\"><strong>6. Modifica\u00e7\u00f5es dos Termos e Condi\u00e7\u00f5es<\/strong><br \/>A NSS reserva-se o direito de alterar estes Termos e Condi\u00e7\u00f5es a qualquer momento. As altera\u00e7\u00f5es entrar\u00e3o em vigor a partir da data da sua publica\u00e7\u00e3o no website. Recomendamos que consulte regularmente esta p\u00e1gina para se manter informado.<\/p><p data-start=\"1865\" data-end=\"2004\"><strong>7. Lei Aplic\u00e1vel e Foro Competente<\/strong><br \/>Estes Termos e Condi\u00e7\u00f5es regem-se pela lei portuguesa. Para a resolu\u00e7\u00e3o de quaisquer lit\u00edgios relacionados com este website, as partes elegem o foro da comarca de Braga, com expressa ren\u00fancia a qualquer outro.<\/p><p data-start=\"1865\" data-end=\"2004\"><strong>8. Contactos<\/strong><br \/>Para esclarecimentos ou informa\u00e7\u00f5es adicionais, pode contactar-nos atrav\u00e9s de:<br \/>NSS &#8211; New Sign Solutions, Desenvolvimento de Sistemas Electr\u00f3nicos Lda<br \/>Rua Marco 48, Zona Industrial dos Ter\u00e7os, Portugal<br \/>Email: info@nss.com.pt<\/p>\t\t\t\t\t\t\t\t<\/div>\n\t\t\t\t<\/div>\n\t\t\t\t<div class=\"elementor-element elementor-element-d767e40 elementor-widget elementor-widget-spacer\" data-id=\"d767e40\" data-element_type=\"widget\" data-widget_type=\"spacer.default\">\n\t\t\t\t<div class=\"elementor-widget-container\">\n\t\t\t\t\t\t\t<div class=\"elementor-spacer\">\n\t\t\t<div class=\"elementor-spacer-inner\"><\/div>\n\t\t<\/div>\n\t\t\t\t\t\t<\/div>\n\t\t\t\t<\/div>\n\t\t\t\t\t<\/div>\n\t\t<\/div>\n\t\t\t\t\t<\/div>\n\t\t<\/section>\n\t\t\t\t<\/div>","protected":false},"excerpt":{"rendered":"<p>Termos e condi\u00e7\u00f5es \u00daltima atualiza\u00e7\u00e3o: 01 de julho de 2025 Bem-vindo ao website https:\/\/nss.com.pt, propriedade de NSS &#8211; New Sign Solutions, Desenvolvimento de Sistemas Electr\u00f3nicos Lda, com sede na Rua Marco 48, Zona Industrial dos Ter\u00e7os, Portugal. Ao aceder e&#8230;<\/p>","protected":false},"author":5,"featured_media":0,"parent":0,"menu_order":0,"comment_status":"closed","ping_status":"closed","template":"","meta":{"footnotes":""},"class_list":["post-990655","page","type-page","status-publish","hentry"],"_links":{"self":[{"href":"https:\/\/nss.com.pt\/en\/wp-json\/wp\/v2\/pages\/990655","targetHints":{"allow":["GET"]}}],"collection":[{"href":"https:\/\/nss.com.pt\/en\/wp-json\/wp\/v2\/pages"}],"about":[{"href":"https:\/\/nss.com.pt\/en\/wp-json\/wp\/v2\/types\/page"}],"author":[{"embeddable":true,"href":"https:\/\/nss.com.pt\/en\/wp-json\/wp\/v2\/users\/5"}],"replies":[{"embeddable":true,"href":"https:\/\/nss.com.pt\/en\/wp-json\/wp\/v2\/comments?post=990655"}],"version-history":[{"count":10,"href":"https:\/\/nss.com.pt\/en\/wp-json\/wp\/v2\/pages\/990655\/revisions"}],"predecessor-version":[{"id":991299,"href":"https:\/\/nss.com.pt\/en\/wp-json\/wp\/v2\/pages\/990655\/revisions\/991299"}],"wp:attachment":[{"href":"https:\/\/nss.com.pt\/en\/wp-json\/wp\/v2\/media?parent=990655"}],"curies":[{"name":"wp","href":"https:\/\/api.w.org\/{rel}","templated":true}]}}