{"id":3659,"date":"2020-06-28T16:13:16","date_gmt":"2020-06-28T16:13:16","guid":{"rendered":"https:\/\/essentials.pixfort.com\/original\/?page_id=3659"},"modified":"2025-07-02T10:07:43","modified_gmt":"2025-07-02T10:07:43","slug":"politica-de-privacidade","status":"publish","type":"page","link":"https:\/\/nss.com.pt\/en\/politica-de-privacidade\/","title":{"rendered":"Pol\u00edtica de Privacidade"},"content":{"rendered":"<div data-elementor-type=\"wp-page\" data-elementor-id=\"3659\" class=\"elementor elementor-3659\">\n\t\t\t\t\t\t<section class=\"elementor-section elementor-top-section elementor-element elementor-element-5beb361 elementor-section-stretched elementor-section-boxed elementor-section-height-default elementor-section-height-default wpr-particle-no wpr-jarallax-no wpr-parallax-no wpr-sticky-section-no\" data-id=\"5beb361\" data-element_type=\"section\" data-settings=\"{&quot;stretch_section&quot;:&quot;section-stretched&quot;,&quot;background_background&quot;:&quot;gradient&quot;,&quot;shape_divider_bottom&quot;:&quot;opacity-tilt&quot;}\">\n\t\t\t\t\t\t\t<div class=\"elementor-background-overlay\"><\/div>\n\t\t\t\t\t\t<div class=\"elementor-shape elementor-shape-bottom\" aria-hidden=\"true\" data-negative=\"false\">\n\t\t\t<svg xmlns=\"http:\/\/www.w3.org\/2000\/svg\" viewbox=\"0 0 2600 131.1\" preserveaspectratio=\"none\">\n\t<path class=\"elementor-shape-fill\" d=\"M0 0L2600 0 2600 69.1 0 0z\"\/>\n\t<path class=\"elementor-shape-fill\" style=\"opacity:0.5\" d=\"M0 0L2600 0 2600 69.1 0 69.1z\"\/>\n\t<path class=\"elementor-shape-fill\" style=\"opacity:0.25\" d=\"M2600 0L0 0 0 130.1 2600 69.1z\"\/>\n<\/svg>\t\t<\/div>\n\t\t\t\t\t<div class=\"elementor-container elementor-column-gap-default\">\n\t\t\t\t\t<div class=\"elementor-column elementor-col-100 elementor-top-column elementor-element elementor-element-8c7d175\" data-id=\"8c7d175\" data-element_type=\"column\">\n\t\t\t<div class=\"elementor-widget-wrap elementor-element-populated\">\n\t\t\t\t\t\t<div class=\"elementor-element elementor-element-b02780c elementor-widget elementor-widget-heading\" data-id=\"b02780c\" data-element_type=\"widget\" data-widget_type=\"heading.default\">\n\t\t\t\t<div class=\"elementor-widget-container\">\n\t\t\t\t\t<h2 class=\"elementor-heading-title elementor-size-default\">Pol\u00edtica de Privacidade<\/h2>\t\t\t\t<\/div>\n\t\t\t\t<\/div>\n\t\t\t\t\t<\/div>\n\t\t<\/div>\n\t\t\t\t\t<\/div>\n\t\t<\/section>\n\t\t\t\t<section class=\"elementor-section elementor-top-section elementor-element elementor-element-df95c14 elementor-section-boxed elementor-section-height-default elementor-section-height-default wpr-particle-no wpr-jarallax-no wpr-parallax-no wpr-sticky-section-no\" data-id=\"df95c14\" data-element_type=\"section\" data-settings=\"{&quot;background_background&quot;:&quot;classic&quot;}\">\n\t\t\t\t\t\t<div class=\"elementor-container elementor-column-gap-default\">\n\t\t\t\t\t<div class=\"elementor-column elementor-col-100 elementor-top-column elementor-element elementor-element-3b46f5b\" data-id=\"3b46f5b\" data-element_type=\"column\">\n\t\t\t<div class=\"elementor-widget-wrap elementor-element-populated\">\n\t\t\t\t\t\t<div class=\"elementor-element elementor-element-ed06130 elementor-widget__width-initial elementor-widget elementor-widget-text-editor\" data-id=\"ed06130\" data-element_type=\"widget\" data-widget_type=\"text-editor.default\">\n\t\t\t\t<div class=\"elementor-widget-container\">\n\t\t\t\t\t\t\t\t\t<p><strong>\u00daltima atualiza\u00e7\u00e3o:<\/strong> 01 de julho de 2025<br \/><strong>Data de entrada em vigor:<\/strong> 01 de julho de 2025<\/p><p>Esta Pol\u00edtica de Privacidade descreve as pol\u00edticas da NSS &#8211; New Sign Solutions, Desenvolvimento de Sistemas Electr\u00f3nicos Lda, localizada na Rua Marco 48, Zona Industrial dos Ter\u00e7os, email: info@nss.com.pt, telefone: +351 227 536 320 \u2014, relativamente \u00e0 recolha, utiliza\u00e7\u00e3o e divulga\u00e7\u00e3o das suas informa\u00e7\u00f5es que recolhemos quando utiliza o nosso website (https:\/\/nss.com.pt) (o \u201cServi\u00e7o\u201d).<\/p><p>Ao aceder ou utilizar o Servi\u00e7o, est\u00e1 a consentir a recolha, utiliza\u00e7\u00e3o e divulga\u00e7\u00e3o das suas informa\u00e7\u00f5es de acordo com esta Pol\u00edtica de Privacidade. Caso n\u00e3o consinta, por favor, n\u00e3o aceda nem utilize o Servi\u00e7o.<\/p><p>Podemos modificar esta Pol\u00edtica de Privacidade a qualquer momento, sem aviso pr\u00e9vio, e publicaremos a Pol\u00edtica de Privacidade revista no Servi\u00e7o. A Pol\u00edtica revista entrar\u00e1 em vigor 180 dias ap\u00f3s a sua publica\u00e7\u00e3o no Servi\u00e7o e o seu acesso ou utiliza\u00e7\u00e3o cont\u00ednua do Servi\u00e7o ap\u00f3s esse per\u00edodo constituir\u00e1 a sua aceita\u00e7\u00e3o da Pol\u00edtica de Privacidade revista. Por este motivo, recomendamos que reveja esta p\u00e1gina periodicamente.<\/p><p><b>Como Utilizamos as Suas Informa\u00e7\u00f5es:<\/b><br \/>Utilizaremos as informa\u00e7\u00f5es que recolhemos sobre si para os seguintes fins:<\/p><ul><li>Informa\u00e7\u00f5es administrativas<\/li><li><span style=\"color: inherit; letter-spacing: 0em;\">Prote\u00e7\u00e3o do site<\/span><\/li><\/ul><p>Se quisermos utilizar as suas informa\u00e7\u00f5es para qualquer outro fim, solicitar-lhe-emos o seu consentimento e s\u00f3 utilizaremos as suas informa\u00e7\u00f5es ap\u00f3s obtermos o seu consentimento e apenas para o(s) fim(ns) para os quais o consentimento foi concedido, salvo disposi\u00e7\u00e3o legal em contr\u00e1rio.<\/p><p><strong>Os Seus Direitos:<\/strong><br \/>Dependendo da legisla\u00e7\u00e3o aplic\u00e1vel, poder\u00e1 ter o direito de aceder, retificar ou apagar os seus dados pessoais, ou de receber uma c\u00f3pia dos seus dados pessoais, de restringir ou opor-se ao tratamento ativo dos seus dados, de solicitar a portabilidade dos seus dados para outra entidade, de retirar qualquer consentimento que nos tenha fornecido para processarmos os seus dados, de apresentar uma reclama\u00e7\u00e3o junto de uma autoridade competente e outros direitos previstos na legisla\u00e7\u00e3o aplic\u00e1vel.<\/p><p>Para exercer estes direitos, pode contactar-nos atrav\u00e9s do email info@nss.com.pt. Responderemos ao seu pedido de acordo com a legisla\u00e7\u00e3o aplic\u00e1vel.<\/p><p>Note que, caso n\u00e3o nos permita recolher ou processar as informa\u00e7\u00f5es pessoais necess\u00e1rias, ou retire o seu consentimento para o tratamento dessas informa\u00e7\u00f5es, poder\u00e1 n\u00e3o conseguir aceder ou utilizar os servi\u00e7os para os quais as informa\u00e7\u00f5es s\u00e3o necess\u00e1rias.<\/p><p><strong>Cookies e Tecnologias Semelhantes:<\/strong><br \/>Para saber mais sobre a forma como utilizamos cookies e outras tecnologias de rastreamento, bem como as suas op\u00e7\u00f5es relativamente a essas tecnologias, consulte a nossa Pol\u00edtica de Cookies.<\/p><p><strong>Seguran\u00e7a:<\/strong><br \/>A seguran\u00e7a das suas informa\u00e7\u00f5es \u00e9 importante para n\u00f3s e utilizaremos medidas de seguran\u00e7a razo\u00e1veis para evitar a perda, uso indevido ou altera\u00e7\u00e3o n\u00e3o autorizada das informa\u00e7\u00f5es sob o nosso controlo. No entanto, dada a natureza dos riscos inerentes, n\u00e3o podemos garantir seguran\u00e7a absoluta e, consequentemente, n\u00e3o podemos assegurar ou garantir a seguran\u00e7a de qualquer informa\u00e7\u00e3o que nos transmita, sendo essa transmiss\u00e3o da sua responsabilidade.<\/p><p><strong>Respons\u00e1vel de Prote\u00e7\u00e3o de Dados \/ Contacto para Reclama\u00e7\u00f5es:<\/strong><br \/>Se tiver d\u00favidas ou preocupa\u00e7\u00f5es sobre o tratamento das suas informa\u00e7\u00f5es que possu\u00edmos, pode contactar o nosso Respons\u00e1vel de Prote\u00e7\u00e3o de Dados:<\/p><p>NSS &#8211; New Sign Solutions, Desenvolvimento de Sistemas Electr\u00f3nicos Lda<br \/>Rua Marco 48, Zona Industrial dos Ter\u00e7os<br \/>Email: info@nss.com.pt<\/p><p>Responderemos \u00e0s suas preocupa\u00e7\u00f5es de acordo com a legisla\u00e7\u00e3o aplic\u00e1vel.<\/p>\t\t\t\t\t\t\t\t<\/div>\n\t\t\t\t<\/div>\n\t\t\t\t<div class=\"elementor-element elementor-element-4376bef elementor-widget elementor-widget-spacer\" data-id=\"4376bef\" data-element_type=\"widget\" data-widget_type=\"spacer.default\">\n\t\t\t\t<div class=\"elementor-widget-container\">\n\t\t\t\t\t\t\t<div class=\"elementor-spacer\">\n\t\t\t<div class=\"elementor-spacer-inner\"><\/div>\n\t\t<\/div>\n\t\t\t\t\t\t<\/div>\n\t\t\t\t<\/div>\n\t\t\t\t\t<\/div>\n\t\t<\/div>\n\t\t\t\t\t<\/div>\n\t\t<\/section>\n\t\t\t\t<\/div>","protected":false},"excerpt":{"rendered":"<p>Pol\u00edtica de Privacidade \u00daltima atualiza\u00e7\u00e3o: 01 de julho de 2025Data de entrada em vigor: 01 de julho de 2025 Esta Pol\u00edtica de Privacidade descreve as pol\u00edticas da NSS &#8211; New Sign Solutions, Desenvolvimento de Sistemas Electr\u00f3nicos Lda, localizada na Rua&#8230;<\/p>","protected":false},"author":2,"featured_media":0,"parent":0,"menu_order":0,"comment_status":"closed","ping_status":"closed","template":"","meta":{"footnotes":""},"class_list":["post-3659","page","type-page","status-publish","hentry"],"_links":{"self":[{"href":"https:\/\/nss.com.pt\/en\/wp-json\/wp\/v2\/pages\/3659","targetHints":{"allow":["GET"]}}],"collection":[{"href":"https:\/\/nss.com.pt\/en\/wp-json\/wp\/v2\/pages"}],"about":[{"href":"https:\/\/nss.com.pt\/en\/wp-json\/wp\/v2\/types\/page"}],"author":[{"embeddable":true,"href":"https:\/\/nss.com.pt\/en\/wp-json\/wp\/v2\/users\/2"}],"replies":[{"embeddable":true,"href":"https:\/\/nss.com.pt\/en\/wp-json\/wp\/v2\/comments?post=3659"}],"version-history":[{"count":46,"href":"https:\/\/nss.com.pt\/en\/wp-json\/wp\/v2\/pages\/3659\/revisions"}],"predecessor-version":[{"id":991293,"href":"https:\/\/nss.com.pt\/en\/wp-json\/wp\/v2\/pages\/3659\/revisions\/991293"}],"wp:attachment":[{"href":"https:\/\/nss.com.pt\/en\/wp-json\/wp\/v2\/media?parent=3659"}],"curies":[{"name":"wp","href":"https:\/\/api.w.org\/{rel}","templated":true}]}}